{"id":2865,"date":"2019-09-25T07:47:10","date_gmt":"2019-09-25T07:47:10","guid":{"rendered":"http:\/\/seoscraper.dk\/malund.com\/produkt\/nordic-brot\/"},"modified":"2020-09-08T12:07:11","modified_gmt":"2020-09-08T12:07:11","slug":"nordic-brot","status":"publish","type":"product","link":"https:\/\/bottlez.dk\/de\/produkt\/nordic-brot\/","title":{"rendered":"NORDIC BROT"},"content":{"rendered":"","protected":false},"excerpt":{"rendered":"<p><em><span lang=\"DE\">Versandkostenfrei beim Kauf von 3 Bottles mit Inhalt.<\/span><\/em><\/p>\n<p><span lang=\"DE\">Nordic Br\u00f8d ist die moderne Form des Steinzeitbrots ohne Gluten. Ein kleiner Bestandteil ist Maismehl, wodurch sich das Brot besser in d\u00fcnne Scheiben schneiden l\u00e4sst, ohne dass es zerkr\u00fcmelt. R\u00f6sten Sie d\u00fcnne Scheiben Brot im Ofen mit etwas Salz und genie\u00dfen Sie sie als Snack.<\/span><\/p>\n<p><b><span lang=\"DE\">Zutaten:<\/span><\/b><\/p>\n<p><span lang=\"DE\">Sonnenblumenkerne, dunkle K\u00fcrbiskerne, Leinsamen, Sesam, Maismehl, Mandelsplitter, Steinsalz.<\/span><\/p>\n<p>Inhalt: 695 g<\/p>\n<p>1 L Glas Bottle<\/p>\n<p>Total: 1.275 g<\/p>\n<p><span lang=\"DE\">Haltbarkeit: 10 Monate.<\/span><\/p>\n","protected":false},"featured_media":5853,"template":"","meta":[],"product_brand":[],"product_cat":[28],"product_tag":[],"class_list":{"0":"post-2865","1":"product","2":"type-product","3":"status-publish","4":"has-post-thumbnail","6":"product_cat-bottle","8":"first","9":"instock","10":"taxable","11":"shipping-taxable","12":"purchasable","13":"product-type-simple"},"_links":{"self":[{"href":"https:\/\/bottlez.dk\/de\/wp-json\/wp\/v2\/product\/2865","targetHints":{"allow":["GET"]}}],"collection":[{"href":"https:\/\/bottlez.dk\/de\/wp-json\/wp\/v2\/product"}],"about":[{"href":"https:\/\/bottlez.dk\/de\/wp-json\/wp\/v2\/types\/product"}],"version-history":[{"count":0,"href":"https:\/\/bottlez.dk\/de\/wp-json\/wp\/v2\/product\/2865\/revisions"}],"wp:featuredmedia":[{"embeddable":true,"href":"https:\/\/bottlez.dk\/de\/wp-json\/wp\/v2\/media\/5853"}],"wp:attachment":[{"href":"https:\/\/bottlez.dk\/de\/wp-json\/wp\/v2\/media?parent=2865"}],"wp:term":[{"taxonomy":"product_brand","embeddable":true,"href":"https:\/\/bottlez.dk\/de\/wp-json\/wp\/v2\/product_brand?post=2865"},{"taxonomy":"product_cat","embeddable":true,"href":"https:\/\/bottlez.dk\/de\/wp-json\/wp\/v2\/product_cat?post=2865"},{"taxonomy":"product_tag","embeddable":true,"href":"https:\/\/bottlez.dk\/de\/wp-json\/wp\/v2\/product_tag?post=2865"}],"curies":[{"name":"wp","href":"https:\/\/api.w.org\/{rel}","templated":true}]}}