{"id":2867,"date":"2019-09-25T07:47:10","date_gmt":"2019-09-25T07:47:10","guid":{"rendered":"http:\/\/seoscraper.dk\/malund.com\/produkt\/knaecke-brot\/"},"modified":"2020-09-08T12:08:53","modified_gmt":"2020-09-08T12:08:53","slug":"knaecke-brot","status":"publish","type":"product","link":"https:\/\/bottlez.dk\/de\/produkt\/knaecke-brot\/","title":{"rendered":"KN\u00c4CKE BROT"},"content":{"rendered":"","protected":false},"excerpt":{"rendered":"<p><em><span lang=\"DE\">Versandkostenfrei beim Kauf von 3 Bottles mit Inhalt.<\/span><\/em><\/p>\n<p><span lang=\"DE\">Bottle Kn\u00e4ckebrot enth\u00e4lt drei verschiedene Samen und ist eine knusprige, leckere Brotspezialit\u00e4t. Bottle Kn\u00e4ckebrot kr\u00fcmelt nicht, wenn Sie es backen, sondern erh\u00e4lt eine gleichm\u00e4\u00dfige, feine Oberfl\u00e4che, egal ob Sie es ganz d\u00fcnn oder etwas dicker, wie einen Keks, anfertigen. Eine Flasche ergibt 2 bis 3 Bratformen Kn\u00e4ckebrot.<\/span><\/p>\n<p><b><span lang=\"DE\">Zutaten:<\/span><\/b><\/p>\n<p><span lang=\"DE\">Weizenmehl, Leinsamen, Sesam, Sonnenblumenkerne, grobe Haferflocken, Steinsalz.<\/span><\/p>\n<p>Inhalt: 675 g<\/p>\n<p>1 L Glas Bottle<\/p>\n<p>Total: 1.255 g<\/p>\n<p><span lang=\"DE\">Haltbarkeit: 10 Monate.<\/span><\/p>\n","protected":false},"featured_media":5848,"template":"","meta":[],"product_brand":[],"product_cat":[28],"product_tag":[],"class_list":{"0":"post-2867","1":"product","2":"type-product","3":"status-publish","4":"has-post-thumbnail","6":"product_cat-bottle","8":"first","9":"instock","10":"taxable","11":"shipping-taxable","12":"purchasable","13":"product-type-simple"},"_links":{"self":[{"href":"https:\/\/bottlez.dk\/de\/wp-json\/wp\/v2\/product\/2867","targetHints":{"allow":["GET"]}}],"collection":[{"href":"https:\/\/bottlez.dk\/de\/wp-json\/wp\/v2\/product"}],"about":[{"href":"https:\/\/bottlez.dk\/de\/wp-json\/wp\/v2\/types\/product"}],"version-history":[{"count":0,"href":"https:\/\/bottlez.dk\/de\/wp-json\/wp\/v2\/product\/2867\/revisions"}],"wp:featuredmedia":[{"embeddable":true,"href":"https:\/\/bottlez.dk\/de\/wp-json\/wp\/v2\/media\/5848"}],"wp:attachment":[{"href":"https:\/\/bottlez.dk\/de\/wp-json\/wp\/v2\/media?parent=2867"}],"wp:term":[{"taxonomy":"product_brand","embeddable":true,"href":"https:\/\/bottlez.dk\/de\/wp-json\/wp\/v2\/product_brand?post=2867"},{"taxonomy":"product_cat","embeddable":true,"href":"https:\/\/bottlez.dk\/de\/wp-json\/wp\/v2\/product_cat?post=2867"},{"taxonomy":"product_tag","embeddable":true,"href":"https:\/\/bottlez.dk\/de\/wp-json\/wp\/v2\/product_tag?post=2867"}],"curies":[{"name":"wp","href":"https:\/\/api.w.org\/{rel}","templated":true}]}}