{"id":2868,"date":"2019-09-25T07:47:10","date_gmt":"2019-09-25T07:47:10","guid":{"rendered":"http:\/\/seoscraper.dk\/malund.com\/produkt\/chia-schwarzbrot\/"},"modified":"2020-08-24T13:18:15","modified_gmt":"2020-08-24T13:18:15","slug":"chia-schwarzbrot","status":"publish","type":"product","link":"https:\/\/bottlez.dk\/de\/produkt\/chia-schwarzbrot\/","title":{"rendered":"CHIA SCHWARZBROT"},"content":{"rendered":"","protected":false},"excerpt":{"rendered":"<p><em><span lang=\"DE\">Versandkostenfrei beim Kauf von 3 Bottles mit Inhalt.<\/span><\/em><\/p>\n<p><span lang=\"DE\">Bottle Schwarzbrot ist ein klassisches d\u00e4nische Schwarzbrot mit Chiasamen. Bottle Schwarzbrot ist mit gebrochenem Roggen gef\u00fcllt und ergibt ein sehr grobes, s\u00e4ttigendes Brot. Es ist somit perfekt f\u00fcrs Mittagessen und f\u00fcr Lunchpakete. Als besonderen Dreh kann die H\u00e4lfte des Wassers im Rezept durch Bier ersetzt werden.\u00a0<\/span><\/p>\n<p><b><span lang=\"DE\">Zutaten:<\/span><\/b><\/p>\n<p><span lang=\"DE\">Gebrochener Roggen, grobes Dalar-Weizenmehl, Vollkornroggens\u00e4ure, Chiasamen, Rohrzucker, ger\u00f6stetes Malz, Steinsalz.<\/span><\/p>\n<p>Inhalt: 745 g<\/p>\n<p>1 L Glas Bottle<\/p>\n<p>Total: 1.325 g<\/p>\n<p><span lang=\"DE\">Haltbarkeit: 10 Monate.<\/span><\/p>\n","protected":false},"featured_media":5833,"template":"","meta":[],"product_brand":[],"product_cat":[28],"product_tag":[],"class_list":{"0":"post-2868","1":"product","2":"type-product","3":"status-publish","4":"has-post-thumbnail","6":"product_cat-bottle","8":"first","9":"instock","10":"taxable","11":"shipping-taxable","12":"purchasable","13":"product-type-simple"},"_links":{"self":[{"href":"https:\/\/bottlez.dk\/de\/wp-json\/wp\/v2\/product\/2868","targetHints":{"allow":["GET"]}}],"collection":[{"href":"https:\/\/bottlez.dk\/de\/wp-json\/wp\/v2\/product"}],"about":[{"href":"https:\/\/bottlez.dk\/de\/wp-json\/wp\/v2\/types\/product"}],"version-history":[{"count":0,"href":"https:\/\/bottlez.dk\/de\/wp-json\/wp\/v2\/product\/2868\/revisions"}],"wp:featuredmedia":[{"embeddable":true,"href":"https:\/\/bottlez.dk\/de\/wp-json\/wp\/v2\/media\/5833"}],"wp:attachment":[{"href":"https:\/\/bottlez.dk\/de\/wp-json\/wp\/v2\/media?parent=2868"}],"wp:term":[{"taxonomy":"product_brand","embeddable":true,"href":"https:\/\/bottlez.dk\/de\/wp-json\/wp\/v2\/product_brand?post=2868"},{"taxonomy":"product_cat","embeddable":true,"href":"https:\/\/bottlez.dk\/de\/wp-json\/wp\/v2\/product_cat?post=2868"},{"taxonomy":"product_tag","embeddable":true,"href":"https:\/\/bottlez.dk\/de\/wp-json\/wp\/v2\/product_tag?post=2868"}],"curies":[{"name":"wp","href":"https:\/\/api.w.org\/{rel}","templated":true}]}}