{"id":2869,"date":"2019-09-25T07:47:10","date_gmt":"2019-09-25T07:47:10","guid":{"rendered":"http:\/\/seoscraper.dk\/malund.com\/produkt\/focaccia\/"},"modified":"2020-09-08T12:11:22","modified_gmt":"2020-09-08T12:11:22","slug":"focaccia","status":"publish","type":"product","link":"https:\/\/bottlez.dk\/de\/produkt\/focaccia\/","title":{"rendered":"FOCACCIA"},"content":{"rendered":"","protected":false},"excerpt":{"rendered":"<p><em><span lang=\"DE\">Versandkostenfrei beim Kauf von 3 Bottles mit Inhalt.<\/span><\/em><\/p>\n<p><span lang=\"DE\">Inspiriert von der italienischen K\u00fcche, haben wir ein Focaccia-Brot mit einem nordischen Dreh entwickelt. Es besteht aus vier verschiedenen d\u00e4nischen Bio-Mehlsorten, die zusammen mit Tomatengranulat dem Brot eine zus\u00e4tzliche Geschmacksdimension verleiht. Eine perfekte Beilage zum Abendessen. \u00a0<\/span><\/p>\n<p><b><span lang=\"DE\">Zutaten:<\/span><\/b><\/p>\n<p><span lang=\"DE\">Weizenmehl, Durummehl, \u00d6land-Weizen, Maismehl, Tomatengranulat, Steinsalz.<\/span><\/p>\n<p>Inhalt: 750 g<\/p>\n<p>1 L Glas Bottle<\/p>\n<p>Total: 1.330 g<\/p>\n<p><span lang=\"DE\">Haltbarkeit: 10 Monate.<\/span><\/p>\n","protected":false},"featured_media":5869,"template":"","meta":[],"product_brand":[],"product_cat":[28],"product_tag":[],"class_list":{"0":"post-2869","1":"product","2":"type-product","3":"status-publish","4":"has-post-thumbnail","6":"product_cat-bottle","8":"first","9":"outofstock","10":"taxable","11":"shipping-taxable","12":"purchasable","13":"product-type-simple"},"_links":{"self":[{"href":"https:\/\/bottlez.dk\/de\/wp-json\/wp\/v2\/product\/2869","targetHints":{"allow":["GET"]}}],"collection":[{"href":"https:\/\/bottlez.dk\/de\/wp-json\/wp\/v2\/product"}],"about":[{"href":"https:\/\/bottlez.dk\/de\/wp-json\/wp\/v2\/types\/product"}],"version-history":[{"count":0,"href":"https:\/\/bottlez.dk\/de\/wp-json\/wp\/v2\/product\/2869\/revisions"}],"wp:featuredmedia":[{"embeddable":true,"href":"https:\/\/bottlez.dk\/de\/wp-json\/wp\/v2\/media\/5869"}],"wp:attachment":[{"href":"https:\/\/bottlez.dk\/de\/wp-json\/wp\/v2\/media?parent=2869"}],"wp:term":[{"taxonomy":"product_brand","embeddable":true,"href":"https:\/\/bottlez.dk\/de\/wp-json\/wp\/v2\/product_brand?post=2869"},{"taxonomy":"product_cat","embeddable":true,"href":"https:\/\/bottlez.dk\/de\/wp-json\/wp\/v2\/product_cat?post=2869"},{"taxonomy":"product_tag","embeddable":true,"href":"https:\/\/bottlez.dk\/de\/wp-json\/wp\/v2\/product_tag?post=2869"}],"curies":[{"name":"wp","href":"https:\/\/api.w.org\/{rel}","templated":true}]}}