{"id":4816,"date":"2020-03-11T10:37:14","date_gmt":"2020-03-11T10:37:14","guid":{"rendered":"https:\/\/danishorganicbottles.dk\/?post_type=product&#038;p=4816"},"modified":"2021-02-24T11:31:27","modified_gmt":"2021-02-24T11:31:27","slug":"bottle-kopier","status":"publish","type":"product","link":"https:\/\/bottlez.dk\/de\/produkt\/bottle-kopier\/","title":{"rendered":"BOTTLE (Kopier)"},"content":{"rendered":"","protected":false},"excerpt":{"rendered":"<p>1 L Glas Bottle \/\u00a0580 g<\/p>\n<p><span lang=\"DE\">Bottles werden in D\u00e4nemark entworfen und in Italien produziert. Der St\u00f6psel der Flasche ist aus einem Korkmaterial mit der Bezeichnung Sughera. Sughera ist aus Mikroagglomerat hergestellt, perfekt sterilisiert und ohne Klebstoff zusammengesetzt. Doch Sughera ist nicht nur umweltfreundlich, sondern auch der ges\u00fcndeste und selbstverst\u00e4ndlich ein lebensmittelechter Korken, der anders als seine Konkurrenzprodukte keinen chemischen Polyurethan-Klebstoff an den Inhalt der Flasche abgibt. Der Korkst\u00f6psel Sughera vertr\u00e4gt 50 Grad W\u00e4rme, ist sp\u00fclmaschinenfest und der nachhaltigste St\u00f6psel mit einer langen Haltbarkeit.<\/span><\/p>\n<p><span lang=\"DE\">Verwenden Sie Bottles als Karaffe f\u00fcr Wasser, Wein und Saft. Oder sch\u00fctten Sie das fertige M\u00fcsli wieder in die Flasche, wenn es im Ofen gewesen ist. Flasche und St\u00f6psel sind sp\u00fclmaschinenfest und der St\u00f6psel schlie\u00dft zu 100 % dicht, so dass Sie die Flasche auch mit fl\u00fcssigem Inhalt bequem in den K\u00fchlschrank legen k\u00f6nnen.<\/span><\/p>\n","protected":false},"featured_media":9184,"template":"","meta":[],"product_brand":[],"product_cat":[100],"product_tag":[],"class_list":{"0":"post-4816","1":"product","2":"type-product","3":"status-publish","4":"has-post-thumbnail","6":"product_cat-mini-bottle-de","8":"first","9":"instock","10":"taxable","11":"shipping-taxable","12":"purchasable","13":"product-type-simple"},"_links":{"self":[{"href":"https:\/\/bottlez.dk\/de\/wp-json\/wp\/v2\/product\/4816","targetHints":{"allow":["GET"]}}],"collection":[{"href":"https:\/\/bottlez.dk\/de\/wp-json\/wp\/v2\/product"}],"about":[{"href":"https:\/\/bottlez.dk\/de\/wp-json\/wp\/v2\/types\/product"}],"version-history":[{"count":0,"href":"https:\/\/bottlez.dk\/de\/wp-json\/wp\/v2\/product\/4816\/revisions"}],"wp:featuredmedia":[{"embeddable":true,"href":"https:\/\/bottlez.dk\/de\/wp-json\/wp\/v2\/media\/9184"}],"wp:attachment":[{"href":"https:\/\/bottlez.dk\/de\/wp-json\/wp\/v2\/media?parent=4816"}],"wp:term":[{"taxonomy":"product_brand","embeddable":true,"href":"https:\/\/bottlez.dk\/de\/wp-json\/wp\/v2\/product_brand?post=4816"},{"taxonomy":"product_cat","embeddable":true,"href":"https:\/\/bottlez.dk\/de\/wp-json\/wp\/v2\/product_cat?post=4816"},{"taxonomy":"product_tag","embeddable":true,"href":"https:\/\/bottlez.dk\/de\/wp-json\/wp\/v2\/product_tag?post=4816"}],"curies":[{"name":"wp","href":"https:\/\/api.w.org\/{rel}","templated":true}]}}