{"id":6068,"date":"2019-10-10T10:25:55","date_gmt":"2019-10-10T10:25:55","guid":{"rendered":"https:\/\/danishorganicbottles.dk\/vare\/choko-scones\/"},"modified":"2020-12-11T08:22:17","modified_gmt":"2020-12-11T08:22:17","slug":"choko-scones","status":"publish","type":"product","link":"https:\/\/bottlez.dk\/de\/produkt\/choko-scones\/","title":{"rendered":"CHOKO SCONES"},"content":{"rendered":"","protected":false},"excerpt":{"rendered":"<p style=\"text-align: left;\"><em><span lang=\"DE\">Versandkostenfrei beim Kauf von 3 Bottles mit Inhalt.<\/span><\/em><\/p>\n<div>\n<p><span lang=\"DE\">Die Scones Bottle enth\u00e4lt Schokolade, was ein s\u00fc\u00dfes Br\u00f6tchen ergibt, das in Kombination mit dem etwas gr\u00f6beren Bio-Weizenmehl den Hunger zwischendurch stillt. Genie\u00dfen Sie die Scones, wenn sie frisch aus dem Ofen kommen und besonders gut schmecken.<\/span><\/p>\n<\/div>\n<p>&nbsp;<\/p>\n<p style=\"text-align: left;\"><b><span lang=\"DE\">Zutaten:<\/span><\/b><\/p>\n<div><strong><span lang=\"DE\">Weizenmehl<\/span>*<\/strong>, <strong>Dinkelmehl*<\/strong>, (12,2%) Schokolade, Rohrzucker, Kokosbl\u00fctenzucker, <strong>Haseln\u00fcsse*<\/strong>, Steinsalz.<\/div>\n<p><strong><em>* Allergene<\/em><\/strong><\/p>\n<p>Per 100 g: 384 kcal \/ 1.606 kJ<\/p>\n<p>Inhalt: 770 g<\/p>\n<p>1 L Glas Bottle<\/p>\n<p>Total: 1.350 g<\/p>\n<p style=\"text-align: left;\"><span style=\"color: #4d4b49;\">Haltbarkeit: 10 Monate.<\/span><\/p>\n","protected":false},"featured_media":6074,"template":"","meta":[],"product_brand":[],"product_cat":[28],"product_tag":[],"class_list":{"0":"post-6068","1":"product","2":"type-product","3":"status-publish","4":"has-post-thumbnail","6":"product_cat-bottle","8":"first","9":"outofstock","10":"taxable","11":"shipping-taxable","12":"purchasable","13":"product-type-simple"},"_links":{"self":[{"href":"https:\/\/bottlez.dk\/de\/wp-json\/wp\/v2\/product\/6068","targetHints":{"allow":["GET"]}}],"collection":[{"href":"https:\/\/bottlez.dk\/de\/wp-json\/wp\/v2\/product"}],"about":[{"href":"https:\/\/bottlez.dk\/de\/wp-json\/wp\/v2\/types\/product"}],"version-history":[{"count":0,"href":"https:\/\/bottlez.dk\/de\/wp-json\/wp\/v2\/product\/6068\/revisions"}],"wp:featuredmedia":[{"embeddable":true,"href":"https:\/\/bottlez.dk\/de\/wp-json\/wp\/v2\/media\/6074"}],"wp:attachment":[{"href":"https:\/\/bottlez.dk\/de\/wp-json\/wp\/v2\/media?parent=6068"}],"wp:term":[{"taxonomy":"product_brand","embeddable":true,"href":"https:\/\/bottlez.dk\/de\/wp-json\/wp\/v2\/product_brand?post=6068"},{"taxonomy":"product_cat","embeddable":true,"href":"https:\/\/bottlez.dk\/de\/wp-json\/wp\/v2\/product_cat?post=6068"},{"taxonomy":"product_tag","embeddable":true,"href":"https:\/\/bottlez.dk\/de\/wp-json\/wp\/v2\/product_tag?post=6068"}],"curies":[{"name":"wp","href":"https:\/\/api.w.org\/{rel}","templated":true}]}}