{"id":6069,"date":"2019-10-21T06:57:55","date_gmt":"2019-10-21T06:57:55","guid":{"rendered":"https:\/\/danishorganicbottles.dk\/vare\/ciabatta\/"},"modified":"2020-12-11T08:32:38","modified_gmt":"2020-12-11T08:32:38","slug":"ciabatta","status":"publish","type":"product","link":"https:\/\/bottlez.dk\/de\/produkt\/ciabatta\/","title":{"rendered":"CIABATTA"},"content":{"rendered":"","protected":false},"excerpt":{"rendered":"<p style=\"text-align: left;\"><em><span lang=\"DE\">Versandkostenfrei beim Kauf von 3 Bottles mit Inhalt.<\/span><\/em><\/p>\n<div>\n<p><span lang=\"DE\">Ciabatta Bottle ist ein luftiges, aromatisches Brot, das aus vier verschiedenen Bio-Mehlsorten besteht. Ciabatta Bottle enth\u00e4lt Manitoba-Mehl, eine ganz besondere, sehr feine Mehlsorte aus Italien. Es tr\u00e4gt nicht nur zu einem fantastischen Aroma bei, sondern gibt dem Brot auch eine besonders luftige, schwammige Textur. Backen Sie aus einer Ciabatta Bottle eine gro\u00dfe Ciabatta (z. B. in einer Form) oder teilen Sie den Teig in 3-4 St\u00fccke f\u00fcr mittelgro\u00dfe Brote.<\/span><\/p>\n<\/div>\n<p style=\"text-align: left;\"><b><span lang=\"DE\">Zutaten:<\/span><\/b><\/p>\n<div><strong><span lang=\"DE\">Manitoba-Mehl<\/span><\/strong><strong>*<\/strong>,\u00a0<strong><span lang=\"DE\">Durummehl<\/span><\/strong><strong>*<\/strong>, <strong>Dinkelmehl*<\/strong>, Steinsalz, <strong>Roggensauerteig*<\/strong>, <strong>Malzmehl*<\/strong>.<\/div>\n<p><strong><em>* Allergene<\/em><\/strong><\/p>\n<p>Per 100 g: 339 kcal \/ 1.417 kJ<\/p>\n<p>Inhalt: 770 g<\/p>\n<p>1 L Glas Bottle<\/p>\n<p>Total: 1.350 g<\/p>\n<p style=\"text-align: left;\">Haltbarkeit: 10 Monate.<\/p>\n","protected":false},"featured_media":6075,"template":"","meta":[],"product_brand":[],"product_cat":[28],"product_tag":[],"class_list":{"0":"post-6069","1":"product","2":"type-product","3":"status-publish","4":"has-post-thumbnail","6":"product_cat-bottle","8":"first","9":"outofstock","10":"taxable","11":"shipping-taxable","12":"purchasable","13":"product-type-simple"},"_links":{"self":[{"href":"https:\/\/bottlez.dk\/de\/wp-json\/wp\/v2\/product\/6069","targetHints":{"allow":["GET"]}}],"collection":[{"href":"https:\/\/bottlez.dk\/de\/wp-json\/wp\/v2\/product"}],"about":[{"href":"https:\/\/bottlez.dk\/de\/wp-json\/wp\/v2\/types\/product"}],"version-history":[{"count":0,"href":"https:\/\/bottlez.dk\/de\/wp-json\/wp\/v2\/product\/6069\/revisions"}],"wp:featuredmedia":[{"embeddable":true,"href":"https:\/\/bottlez.dk\/de\/wp-json\/wp\/v2\/media\/6075"}],"wp:attachment":[{"href":"https:\/\/bottlez.dk\/de\/wp-json\/wp\/v2\/media?parent=6069"}],"wp:term":[{"taxonomy":"product_brand","embeddable":true,"href":"https:\/\/bottlez.dk\/de\/wp-json\/wp\/v2\/product_brand?post=6069"},{"taxonomy":"product_cat","embeddable":true,"href":"https:\/\/bottlez.dk\/de\/wp-json\/wp\/v2\/product_cat?post=6069"},{"taxonomy":"product_tag","embeddable":true,"href":"https:\/\/bottlez.dk\/de\/wp-json\/wp\/v2\/product_tag?post=6069"}],"curies":[{"name":"wp","href":"https:\/\/api.w.org\/{rel}","templated":true}]}}