{"id":6071,"date":"2020-03-11T10:19:02","date_gmt":"2020-03-11T10:19:02","guid":{"rendered":"https:\/\/danishorganicbottles.dk\/vare\/mini-knaekbroed\/"},"modified":"2021-02-15T13:41:22","modified_gmt":"2021-02-15T13:41:22","slug":"mini-knaekbroed","status":"publish","type":"product","link":"https:\/\/bottlez.dk\/de\/produkt\/mini-knaekbroed\/","title":{"rendered":"MINI KN\u00c4CKE BROT"},"content":{"rendered":"","protected":false},"excerpt":{"rendered":"<p style=\"text-align: left;\"><em><span lang=\"DE\">Versandkostenfrei beim Kauf von 3 Bottles mit Inhalt.<\/span><\/em><\/p>\n<div>\n<p><span lang=\"DE\">Unser glutenfreies Bottle Kn\u00e4ckebrot ist ein extraknuspriger Snack, der perfekt f\u00fcr den Hunger zwischendurch geeignet ist. Wir empfehlen, das Kn\u00e4ckebrot ganz d\u00fcnn auf dem Bratblech auszurollen. So entsteht der besonders knusprige Geschmack. Genie\u00dfen Sie das Kn\u00e4ckebrot mit oder ohne Aufstrich.<\/span><\/p>\n<\/div>\n<div>\n<p><span lang=\"DE\">Wenn Sie das Kn\u00e4ckebrot d\u00fcnn ausrollen, reicht der Inhalt f\u00fcr zwei Bratbleche.<\/span><\/p>\n<\/div>\n<p><b><span lang=\"DE\">Zutaten:<\/span><\/b><\/p>\n<div>\n<p><span lang=\"DE\">Sonnenblumenkerne, Leinsamen, Quinotto, Sesam, Chiasamen, dunkle K\u00fcrbiskerne, Flohsamenschalen (NICHT VERGESSEN), Steinsalz.<\/span><\/p>\n<\/div>\n<p>Per 100 g: 492 kcal \/ 2.059 kJ<\/p>\n<p>Inhalt: 333 g<\/p>\n<p>0,5 L Glas Bottle<\/p>\n<p>Total: 663 g<\/p>\n<p>Haltbarkeit: 10 Monate.<\/p>\n","protected":false},"featured_media":6078,"template":"","meta":[],"product_brand":[],"product_cat":[100],"product_tag":[],"class_list":{"0":"post-6071","1":"product","2":"type-product","3":"status-publish","4":"has-post-thumbnail","6":"product_cat-mini-bottle-de","8":"first","9":"instock","10":"taxable","11":"shipping-taxable","12":"purchasable","13":"product-type-simple"},"_links":{"self":[{"href":"https:\/\/bottlez.dk\/de\/wp-json\/wp\/v2\/product\/6071","targetHints":{"allow":["GET"]}}],"collection":[{"href":"https:\/\/bottlez.dk\/de\/wp-json\/wp\/v2\/product"}],"about":[{"href":"https:\/\/bottlez.dk\/de\/wp-json\/wp\/v2\/types\/product"}],"version-history":[{"count":1,"href":"https:\/\/bottlez.dk\/de\/wp-json\/wp\/v2\/product\/6071\/revisions"}],"predecessor-version":[{"id":6084,"href":"https:\/\/bottlez.dk\/de\/wp-json\/wp\/v2\/product\/6071\/revisions\/6084"}],"wp:featuredmedia":[{"embeddable":true,"href":"https:\/\/bottlez.dk\/de\/wp-json\/wp\/v2\/media\/6078"}],"wp:attachment":[{"href":"https:\/\/bottlez.dk\/de\/wp-json\/wp\/v2\/media?parent=6071"}],"wp:term":[{"taxonomy":"product_brand","embeddable":true,"href":"https:\/\/bottlez.dk\/de\/wp-json\/wp\/v2\/product_brand?post=6071"},{"taxonomy":"product_cat","embeddable":true,"href":"https:\/\/bottlez.dk\/de\/wp-json\/wp\/v2\/product_cat?post=6071"},{"taxonomy":"product_tag","embeddable":true,"href":"https:\/\/bottlez.dk\/de\/wp-json\/wp\/v2\/product_tag?post=6071"}],"curies":[{"name":"wp","href":"https:\/\/api.w.org\/{rel}","templated":true}]}}