{"id":6072,"date":"2020-03-11T09:51:07","date_gmt":"2020-03-11T09:51:07","guid":{"rendered":"https:\/\/danishorganicbottles.dk\/vare\/mini-choko-cookie\/"},"modified":"2021-02-15T13:55:48","modified_gmt":"2021-02-15T13:55:48","slug":"mini-choko-cookie","status":"publish","type":"product","link":"https:\/\/bottlez.dk\/de\/produkt\/mini-choko-cookie\/","title":{"rendered":"MINI CHOKO COOKIE"},"content":{"rendered":"","protected":false},"excerpt":{"rendered":"<p style=\"text-align: left;\"><em><span lang=\"DE\">Versandkostenfrei beim Kauf von 3 Bottles mit Inhalt.<\/span><\/em><\/p>\n<p>Choko Cookie ist unsere erste s\u00fc\u00dfe, glutenfreie Bottle-Variante. Ohne den bew\u00e4hrten Cookie-Geschmack aufs Spiel zu setzen, haben wir den perfekten glutenfreien Cookie mit Hilfe von Quinoa kreiert. Durch den Kokosbl\u00fctenzucker und die gute Bio-Schokolade erh\u00e4lt er ein besonders reiches Aroma.<\/p>\n<p>Mit unserer Mini-Bottle bekommen Sie ca. 12 Cookies.<\/p>\n<p><b><span lang=\"DE\">Zutaten:<\/span><\/b><\/p>\n<p>Quinotto, Rohrzucker, Schokolade, Kokosbl\u00fctenzucker, Steinsalz.<\/p>\n<p>Per 100 g:\u00a0413 kcal \/ 1.729 kJ<\/p>\n<p>Inhalt: 448 g<\/p>\n<p>0,5 L Glas Bottle<\/p>\n<p>Total: 778 g<\/p>\n<p>Haltbarkeit: 10 Monate.<\/p>\n","protected":false},"featured_media":6077,"template":"","meta":[],"product_brand":[],"product_cat":[100],"product_tag":[],"class_list":{"0":"post-6072","1":"product","2":"type-product","3":"status-publish","4":"has-post-thumbnail","6":"product_cat-mini-bottle-de","8":"first","9":"instock","10":"taxable","11":"shipping-taxable","12":"purchasable","13":"product-type-simple"},"_links":{"self":[{"href":"https:\/\/bottlez.dk\/de\/wp-json\/wp\/v2\/product\/6072","targetHints":{"allow":["GET"]}}],"collection":[{"href":"https:\/\/bottlez.dk\/de\/wp-json\/wp\/v2\/product"}],"about":[{"href":"https:\/\/bottlez.dk\/de\/wp-json\/wp\/v2\/types\/product"}],"version-history":[{"count":0,"href":"https:\/\/bottlez.dk\/de\/wp-json\/wp\/v2\/product\/6072\/revisions"}],"wp:featuredmedia":[{"embeddable":true,"href":"https:\/\/bottlez.dk\/de\/wp-json\/wp\/v2\/media\/6077"}],"wp:attachment":[{"href":"https:\/\/bottlez.dk\/de\/wp-json\/wp\/v2\/media?parent=6072"}],"wp:term":[{"taxonomy":"product_brand","embeddable":true,"href":"https:\/\/bottlez.dk\/de\/wp-json\/wp\/v2\/product_brand?post=6072"},{"taxonomy":"product_cat","embeddable":true,"href":"https:\/\/bottlez.dk\/de\/wp-json\/wp\/v2\/product_cat?post=6072"},{"taxonomy":"product_tag","embeddable":true,"href":"https:\/\/bottlez.dk\/de\/wp-json\/wp\/v2\/product_tag?post=6072"}],"curies":[{"name":"wp","href":"https:\/\/api.w.org\/{rel}","templated":true}]}}