{"id":4483,"date":"2019-09-25T07:47:10","date_gmt":"2019-09-25T07:47:10","guid":{"rendered":"https:\/\/danishorganicbottles.dk\/vare\/nordic-bread\/"},"modified":"2020-03-11T11:09:42","modified_gmt":"2020-03-11T11:09:42","slug":"nordic-bread","status":"publish","type":"product","link":"https:\/\/bottlez.dk\/en\/product\/nordic-bread\/","title":{"rendered":"NORDIC BREAD"},"content":{"rendered":"<p><em>Kan k\u00f8bes online fra april 2019.<\/em><\/p>\n<p><strong>Bagevejledning:<\/strong><\/p>\n<p>Find: 5 \u00f8kologiske \u00e6g, 1 dl rapsolie, sk\u00e5l,<br \/>\ngrydeske, bageform (ca. 3 liter eller ca. 30 cm).<\/p>\n<p>1. T\u00f8m Bottle indholdet i sk\u00e5len.<br \/>\n2. Tils\u00e6t 5 \u00f8kologiske \u00e6g og 1 dl rapsolie.<br \/>\n3. R\u00f8res sammen med en grydeske<br \/>\n(\u00e6ltes ikke).<br \/>\n4. Dejen fyldes i formen.<br \/>\n5. Bages 60 min. i ovnen ved 160\u00b0C<br \/>\n(ikke varmluft).<br \/>\n6. Br\u00f8det afk\u00f8les i formen.<\/p>\n<p><strong>Tips:<\/strong><\/p>\n<p>Revet gulerod eller t\u00f8rret frugt (abrikos\/traneb\u00e6r) kan tils\u00e6ttes dejen.<br \/>\nDe efterf\u00f8lgende dage kan skiver drysset med flagesalt ristes til snacks i ovnen i 10 min. ved 200\u00b0C.<br \/>\nOp til jul kan et drys kanel tils\u00e6ttes.<\/p>\n","protected":false},"excerpt":{"rendered":"<p><i>Nordic Bread Bottle will be delivered with\u00a0danish label, baking instruction will follow in\u00a0English.<\/i><\/p>\n<p><span lang=\"EN-GB\">Nordic Bread is the modern form of Stone Age bread without gluten. A small portion of the contents is cornflour, which means that the bread is easy to cut into thin slices without it crumbling. Toast thin slices of the bread in the oven with a little salt and use as a snack.<\/span><\/p>\n<p><b>Ingredients: <\/b><\/p>\n<p>Sunflower seeds, pumpkin seeds dark, linseed, sesame seeds, cornflour, flaked almonds, rock salt.<\/p>\n<p>Content: 695 g<\/p>\n<p>1 L Glass Bottle<\/p>\n<p>Total: 1.275 g<\/p>\n<p style=\"text-align: left;\"><span style=\"color: #4d4b49;\">Shelflife: 10 month<\/span><\/p>\n","protected":false},"featured_media":9175,"template":"","meta":[],"product_brand":[],"product_cat":[64],"product_tag":[],"class_list":{"0":"post-4483","1":"product","2":"type-product","3":"status-publish","4":"has-post-thumbnail","6":"product_cat-bottle-en","8":"first","9":"instock","10":"taxable","11":"shipping-taxable","12":"purchasable","13":"product-type-simple"},"_links":{"self":[{"href":"https:\/\/bottlez.dk\/en\/wp-json\/wp\/v2\/product\/4483","targetHints":{"allow":["GET"]}}],"collection":[{"href":"https:\/\/bottlez.dk\/en\/wp-json\/wp\/v2\/product"}],"about":[{"href":"https:\/\/bottlez.dk\/en\/wp-json\/wp\/v2\/types\/product"}],"version-history":[{"count":1,"href":"https:\/\/bottlez.dk\/en\/wp-json\/wp\/v2\/product\/4483\/revisions"}],"predecessor-version":[{"id":4484,"href":"https:\/\/bottlez.dk\/en\/wp-json\/wp\/v2\/product\/4483\/revisions\/4484"}],"wp:featuredmedia":[{"embeddable":true,"href":"https:\/\/bottlez.dk\/en\/wp-json\/wp\/v2\/media\/9175"}],"wp:attachment":[{"href":"https:\/\/bottlez.dk\/en\/wp-json\/wp\/v2\/media?parent=4483"}],"wp:term":[{"taxonomy":"product_brand","embeddable":true,"href":"https:\/\/bottlez.dk\/en\/wp-json\/wp\/v2\/product_brand?post=4483"},{"taxonomy":"product_cat","embeddable":true,"href":"https:\/\/bottlez.dk\/en\/wp-json\/wp\/v2\/product_cat?post=4483"},{"taxonomy":"product_tag","embeddable":true,"href":"https:\/\/bottlez.dk\/en\/wp-json\/wp\/v2\/product_tag?post=4483"}],"curies":[{"name":"wp","href":"https:\/\/api.w.org\/{rel}","templated":true}]}}